{"id":63,"date":"2023-04-19T11:44:07","date_gmt":"2023-04-19T11:44:07","guid":{"rendered":"http:\/\/taartenvankarina.nl\/?product=hoodie-with-logo-8"},"modified":"2024-11-02T19:48:32","modified_gmt":"2024-11-02T19:48:32","slug":"smiley-taart","status":"publish","type":"product","link":"https:\/\/taartenvankarina.nl\/?product=smiley-taart","title":{"rendered":"Smiley Taart"},"content":{"rendered":"<p>Smiley taart is geschikt voor 12 personen.<\/p>\n<p>&nbsp;<\/p>\n<p>De eerste laag kunt u kiezen uit de volgende keuze.<\/p>\n<p>Aardbeien vlaaifruit<\/p>\n<p>Bosvruchten vlaaifruit<\/p>\n<p>Kersen Vlaaifruit<\/p>\n<p>&nbsp;<\/p>\n<p>De tweede laag kunt u kiezen uit een van deze botercr\u00e8me smaak.<\/p>\n<p>Dit zijn de smaken waar u uit kunt kiezen.<\/p>\n<p>Aardbeien botercr\u00e8me<\/p>\n<p>Framboos botercr\u00e8me<\/p>\n<p>Kers botercr\u00e8me<\/p>\n<p>Mango botercr\u00e8me<\/p>\n<p>&nbsp;<\/p>\n<p>De bestelling wordt maximaal 48 uur van de bezorgdag aangenomen.<\/p>\n<p>Het is mogelijk om last minute te bestellen. Dit is afhankelijk van de bevoorrading van de grondstoffen die op dat moment aanwezig is.<\/p>\n<p>Hier nog een tip van de banketbakker is om de taarten 15 minuten voor het serveren uit de koelkast te halen.<\/p>\n<p>Al onze producten bevatten: Gluten, Ei, Melk, Soja, Noten, Weipoeder<\/p>\n","protected":false},"excerpt":{"rendered":"<p>Smiley taart is geschikt voor 12 personen. &nbsp; De eerste laag kunt u kiezen uit de volgende keuze. Aardbeien vlaaifruit Bosvruchten vlaaifruit Kersen Vlaaifruit &nbsp; De tweede laag kunt u kiezen uit een van deze botercr\u00e8me smaak. Dit zijn de smaken waar u uit kunt kiezen. Aardbeien botercr\u00e8me Framboos botercr\u00e8me Kers botercr\u00e8me Mango botercr\u00e8me &nbsp; [&hellip;]<\/p>\n","protected":false},"featured_media":42,"template":"","meta":[],"product_cat":[31],"product_tag":[],"class_list":{"0":"post-63","1":"product","2":"type-product","3":"status-publish","4":"has-post-thumbnail","6":"product_cat-taarten-en-gebak","7":"product_shipping_class-taart-gebak","9":"first","10":"instock","11":"taxable","12":"shipping-taxable","13":"purchasable","14":"product-type-simple"},"group_of_quantity":0,"min_quantity":0,"max_quantity":"","exclude_order_quantity_value_rules":"no","exclude_category_quantity_rules":"no","combine_variations":"no","_links":{"self":[{"href":"https:\/\/taartenvankarina.nl\/index.php?rest_route=\/wp\/v2\/product\/63","targetHints":{"allow":["GET"]}}],"collection":[{"href":"https:\/\/taartenvankarina.nl\/index.php?rest_route=\/wp\/v2\/product"}],"about":[{"href":"https:\/\/taartenvankarina.nl\/index.php?rest_route=\/wp\/v2\/types\/product"}],"wp:featuredmedia":[{"embeddable":true,"href":"https:\/\/taartenvankarina.nl\/index.php?rest_route=\/wp\/v2\/media\/42"}],"wp:attachment":[{"href":"https:\/\/taartenvankarina.nl\/index.php?rest_route=%2Fwp%2Fv2%2Fmedia&parent=63"}],"wp:term":[{"taxonomy":"product_cat","embeddable":true,"href":"https:\/\/taartenvankarina.nl\/index.php?rest_route=%2Fwp%2Fv2%2Fproduct_cat&post=63"},{"taxonomy":"product_tag","embeddable":true,"href":"https:\/\/taartenvankarina.nl\/index.php?rest_route=%2Fwp%2Fv2%2Fproduct_tag&post=63"}],"curies":[{"name":"wp","href":"https:\/\/api.w.org\/{rel}","templated":true}]}}